{"id":11136,"date":"2024-05-02T11:46:55","date_gmt":"2024-05-02T09:46:55","guid":{"rendered":"https:\/\/dominioromano.com\/vinos\/"},"modified":"2024-10-01T13:29:50","modified_gmt":"2024-10-01T11:29:50","slug":"vinos","status":"publish","type":"page","link":"https:\/\/dominioromano.com\/en\/vinos\/","title":{"rendered":"Vinos"},"content":{"rendered":"\t\t<div data-elementor-type=\"wp-page\" data-elementor-id=\"11136\" class=\"elementor elementor-11136 elementor-10635\">\n\t\t\t\t\t\t<section class=\"elementor-section elementor-top-section elementor-element elementor-element-4ab8450 elementor-section-full_width elementor-section-height-min-height elementor-section-height-default elementor-section-items-middle\" data-id=\"4ab8450\" data-element_type=\"section\" data-e-type=\"section\" data-settings=\"{&quot;background_background&quot;:&quot;classic&quot;}\">\n\t\t\t\t\t\t<div class=\"elementor-container elementor-column-gap-default\">\n\t\t\t\t\t<div class=\"elementor-column elementor-col-100 elementor-top-column elementor-element elementor-element-081686a\" data-id=\"081686a\" data-element_type=\"column\" data-e-type=\"column\">\n\t\t\t<div class=\"elementor-widget-wrap\">\n\t\t\t\t\t\t\t<\/div>\n\t\t<\/div>\n\t\t\t\t\t<\/div>\n\t\t<\/section>\n\t\t\t\t<section class=\"elementor-section elementor-top-section elementor-element elementor-element-3b9abef elementor-section-full_width qodef-elementor-content-grid elementor-section-height-default elementor-section-height-default\" data-id=\"3b9abef\" data-element_type=\"section\" data-e-type=\"section\" data-settings=\"{&quot;background_background&quot;:&quot;classic&quot;}\">\n\t\t\t\t\t\t<div class=\"elementor-container elementor-column-gap-default\">\n\t\t\t\t\t<div class=\"elementor-column elementor-col-100 elementor-top-column elementor-element elementor-element-df11725\" data-id=\"df11725\" data-element_type=\"column\" data-e-type=\"column\">\n\t\t\t<div class=\"elementor-widget-wrap elementor-element-populated\">\n\t\t\t\t\t\t<div class=\"elementor-element elementor-element-5cbb613 elementor-widget__width-initial elementor-widget-mobile__width-inherit elementor-widget elementor-widget-chateau_core_section_title\" data-id=\"5cbb613\" data-element_type=\"widget\" data-e-type=\"widget\" data-widget_type=\"chateau_core_section_title.default\">\n\t\t\t\t<div class=\"elementor-widget-container\">\n\t\t\t\t\t<div class=\"qodef-shortcode qodef-m  qodef-section-title qodef-alignment--center qodef-title-break--disabled\">\n\t\t<h2 class=\"qodef-m-title\" >\n\t\t\t\t\t5 VINOS ECOLOGICOS DE DOMINIO ROMANO\t\t\t<\/h2>\n\t<div class=\"qodef-m-subtitle-content qodef--has-appear\" style=\"margin-top: 14px\">\n\t<div class=\"qodef-m-subtitle-line-one\" style=\"width: 45px;background-color: #354C04\"><\/div>\n\t\t<div class=\"qodef-m-subtitle-line-two\" style=\"display: none;\"><\/div>\n<\/div>\n\t<\/div>\n\t\t\t\t<\/div>\n\t\t\t\t<\/div>\n\t\t\t\t\t<\/div>\n\t\t<\/div>\n\t\t\t\t\t<\/div>\n\t\t<\/section>\n\t\t\t\t<section class=\"elementor-section elementor-top-section elementor-element elementor-element-938eb11 elementor-section-full_width qodef-elementor-content-grid elementor-section-height-default elementor-section-height-default\" data-id=\"938eb11\" data-element_type=\"section\" data-e-type=\"section\" data-settings=\"{&quot;background_background&quot;:&quot;classic&quot;}\">\n\t\t\t\t\t\t<div class=\"elementor-container elementor-column-gap-default\">\n\t\t\t\t\t<div class=\"elementor-column elementor-col-100 elementor-top-column elementor-element elementor-element-6982697\" data-id=\"6982697\" data-element_type=\"column\" data-e-type=\"column\">\n\t\t\t<div class=\"elementor-widget-wrap elementor-element-populated\">\n\t\t\t\t\t\t<div class=\"elementor-element elementor-element-c62c592 elementor-widget-tablet__width-inherit elementor-widget__width-initial elementor-widget elementor-widget-text-editor\" data-id=\"c62c592\" data-element_type=\"widget\" data-e-type=\"widget\" data-widget_type=\"text-editor.default\">\n\t\t\t\t<div class=\"elementor-widget-container\">\n\t\t\t\t\t\t\t\t\t<p>En DOMINIO ROMANO elaboramos 4 mono varietales de Tinto Fino; 4 vinos con un origen com\u00fan, pero con diferentes personalidades.<\/p>\t\t\t\t\t\t\t\t<\/div>\n\t\t\t\t<\/div>\n\t\t\t\t<div class=\"elementor-element elementor-element-f785e4a elementor-widget elementor-widget-spacer\" data-id=\"f785e4a\" data-element_type=\"widget\" data-e-type=\"widget\" data-widget_type=\"spacer.default\">\n\t\t\t\t<div class=\"elementor-widget-container\">\n\t\t\t\t\t\t\t<div class=\"elementor-spacer\">\n\t\t\t<div class=\"elementor-spacer-inner\"><\/div>\n\t\t<\/div>\n\t\t\t\t\t\t<\/div>\n\t\t\t\t<\/div>\n\t\t<div class=\"elementor-element elementor-element-36eb83c e-grid e-con-boxed e-con e-parent\" data-id=\"36eb83c\" data-element_type=\"container\" data-e-type=\"container\">\n\t\t\t\t\t<div class=\"e-con-inner\">\n\t\t<div class=\"elementor-element elementor-element-5cb8114 e-flex e-con-boxed e-con e-child\" data-id=\"5cb8114\" data-element_type=\"container\" data-e-type=\"container\">\n\t\t\t\t\t<div class=\"e-con-inner\">\n\t\t\t\t<div class=\"elementor-element elementor-element-e9e5b19 elementor-widget__width-initial e-transform elementor-widget elementor-widget-image\" data-id=\"e9e5b19\" data-element_type=\"widget\" data-e-type=\"widget\" data-settings=\"{&quot;_transform_scale_effect&quot;:{&quot;unit&quot;:&quot;px&quot;,&quot;size&quot;:&quot;&quot;,&quot;sizes&quot;:[]},&quot;_transform_scale_effect_tablet&quot;:{&quot;unit&quot;:&quot;px&quot;,&quot;size&quot;:&quot;&quot;,&quot;sizes&quot;:[]},&quot;_transform_scale_effect_mobile&quot;:{&quot;unit&quot;:&quot;px&quot;,&quot;size&quot;:&quot;&quot;,&quot;sizes&quot;:[]}}\" data-widget_type=\"image.default\">\n\t\t\t\t<div class=\"elementor-widget-container\">\n\t\t\t\t\t\t\t\t\t\t\t\t\t\t\t<img fetchpriority=\"high\" decoding=\"async\" width=\"600\" height=\"900\" src=\"https:\/\/dominioromano.com\/wp-content\/uploads\/2024\/05\/camino-romano.jpg\" class=\"attachment-large size-large wp-image-10649\" alt=\"\" srcset=\"https:\/\/dominioromano.com\/wp-content\/uploads\/2024\/05\/camino-romano.jpg 600w, https:\/\/dominioromano.com\/wp-content\/uploads\/2024\/05\/camino-romano-200x300.jpg 200w\" sizes=\"(max-width: 600px) 100vw, 600px\" \/>\t\t\t\t\t\t\t\t\t\t\t\t\t\t\t<\/div>\n\t\t\t\t<\/div>\n\t\t\t\t<div class=\"elementor-element elementor-element-c376e4b elementor-widget-mobile__width-inherit elementor-widget elementor-widget-chateau_core_section_title\" data-id=\"c376e4b\" data-element_type=\"widget\" data-e-type=\"widget\" data-widget_type=\"chateau_core_section_title.default\">\n\t\t\t\t<div class=\"elementor-widget-container\">\n\t\t\t\t\t<div class=\"qodef-shortcode qodef-m  qodef-section-title qodef-alignment--center qodef-title-break--disabled\">\n\t\t<h4 class=\"qodef-m-title\" >\n\t\t\t\t\tCAMINO ROMANO\t\t\t<\/h4>\n\t<div class=\"qodef-m-subtitle-content qodef--has-appear\" style=\"margin-top: 14px\">\n\t<div class=\"qodef-m-subtitle-line-one\" style=\"width: 45px;background-color: #354C04\"><\/div>\n\t\t<div class=\"qodef-m-subtitle-line-two\" style=\"display: none;\"><\/div>\n<\/div>\n\t<\/div>\n\t\t\t\t<\/div>\n\t\t\t\t<\/div>\n\t\t\t\t<div class=\"elementor-element elementor-element-2232efe elementor-widget-tablet__width-inherit elementor-widget elementor-widget-text-editor\" data-id=\"2232efe\" data-element_type=\"widget\" data-e-type=\"widget\" data-widget_type=\"text-editor.default\">\n\t\t\t\t<div class=\"elementor-widget-container\">\n\t\t\t\t\t\t\t\t\t<p>Con el vino Camino Romano, nuestro en\u00f3logo Jordi Fern\u00e1ndez busca la m\u00e1xima expresi\u00f3n de la fruta fresca y amable de la uva Tinto Fino que proviene de una rigurosa selecci\u00f3n de vi\u00f1edos entre 15 y 30 a\u00f1os de edad.<\/p>\t\t\t\t\t\t\t\t<\/div>\n\t\t\t\t<\/div>\n\t\t\t\t\t<\/div>\n\t\t\t\t<\/div>\n\t\t<div class=\"elementor-element elementor-element-c96280f e-flex e-con-boxed e-con e-child\" data-id=\"c96280f\" data-element_type=\"container\" data-e-type=\"container\">\n\t\t\t\t\t<div class=\"e-con-inner\">\n\t\t\t\t<div class=\"elementor-element elementor-element-b15168e elementor-widget__width-initial elementor-widget elementor-widget-image\" data-id=\"b15168e\" data-element_type=\"widget\" data-e-type=\"widget\" data-widget_type=\"image.default\">\n\t\t\t\t<div class=\"elementor-widget-container\">\n\t\t\t\t\t\t\t\t\t\t\t\t\t\t\t<img decoding=\"async\" width=\"600\" height=\"900\" src=\"https:\/\/dominioromano.com\/wp-content\/uploads\/2024\/05\/dominio-romano.jpg\" class=\"attachment-large size-large wp-image-10651\" alt=\"\" srcset=\"https:\/\/dominioromano.com\/wp-content\/uploads\/2024\/05\/dominio-romano.jpg 600w, https:\/\/dominioromano.com\/wp-content\/uploads\/2024\/05\/dominio-romano-200x300.jpg 200w\" sizes=\"(max-width: 600px) 100vw, 600px\" \/>\t\t\t\t\t\t\t\t\t\t\t\t\t\t\t<\/div>\n\t\t\t\t<\/div>\n\t\t\t\t<div class=\"elementor-element elementor-element-4f5330b elementor-widget-mobile__width-inherit elementor-widget elementor-widget-chateau_core_section_title\" data-id=\"4f5330b\" data-element_type=\"widget\" data-e-type=\"widget\" data-widget_type=\"chateau_core_section_title.default\">\n\t\t\t\t<div class=\"elementor-widget-container\">\n\t\t\t\t\t<div class=\"qodef-shortcode qodef-m  qodef-section-title qodef-alignment--center qodef-title-break--disabled\">\n\t\t<h4 class=\"qodef-m-title\" >\n\t\t\t\t\tDOMINIO ROMANO\t\t\t<\/h4>\n\t<div class=\"qodef-m-subtitle-content qodef--has-appear\" style=\"margin-top: 14px\">\n\t<div class=\"qodef-m-subtitle-line-one\" style=\"width: 45px;background-color: #354C04\"><\/div>\n\t\t<div class=\"qodef-m-subtitle-line-two\" style=\"display: none;\"><\/div>\n<\/div>\n\t<\/div>\n\t\t\t\t<\/div>\n\t\t\t\t<\/div>\n\t\t\t\t<div class=\"elementor-element elementor-element-106e8d5 elementor-widget-tablet__width-inherit elementor-widget elementor-widget-text-editor\" data-id=\"106e8d5\" data-element_type=\"widget\" data-e-type=\"widget\" data-widget_type=\"text-editor.default\">\n\t\t\t\t<div class=\"elementor-widget-container\">\n\t\t\t\t\t\t\t\t\t<p>El\u00a0 vino Dominio Romano nace con un objetivo muy claro: transmitir el car\u00e1cter de la variedad Tinto Fino y de algunos de los mejores terru\u00f1os de la Ribera del Duero.<\/p>\t\t\t\t\t\t\t\t<\/div>\n\t\t\t\t<\/div>\n\t\t\t\t\t<\/div>\n\t\t\t\t<\/div>\n\t\t<div class=\"elementor-element elementor-element-0916dec e-flex e-con-boxed e-con e-child\" data-id=\"0916dec\" data-element_type=\"container\" data-e-type=\"container\">\n\t\t\t\t\t<div class=\"e-con-inner\">\n\t\t\t\t<div class=\"elementor-element elementor-element-f2c0e2a elementor-widget__width-initial elementor-widget elementor-widget-image\" data-id=\"f2c0e2a\" data-element_type=\"widget\" data-e-type=\"widget\" data-widget_type=\"image.default\">\n\t\t\t\t<div class=\"elementor-widget-container\">\n\t\t\t\t\t\t\t\t\t\t\t\t\t\t\t<img decoding=\"async\" width=\"600\" height=\"900\" src=\"https:\/\/dominioromano.com\/wp-content\/uploads\/2024\/05\/RDR.jpg\" class=\"attachment-large size-large wp-image-10655\" alt=\"\" srcset=\"https:\/\/dominioromano.com\/wp-content\/uploads\/2024\/05\/RDR.jpg 600w, https:\/\/dominioromano.com\/wp-content\/uploads\/2024\/05\/RDR-200x300.jpg 200w\" sizes=\"(max-width: 600px) 100vw, 600px\" \/>\t\t\t\t\t\t\t\t\t\t\t\t\t\t\t<\/div>\n\t\t\t\t<\/div>\n\t\t\t\t<div class=\"elementor-element elementor-element-a058626 elementor-widget-mobile__width-inherit elementor-widget elementor-widget-chateau_core_section_title\" data-id=\"a058626\" data-element_type=\"widget\" data-e-type=\"widget\" data-widget_type=\"chateau_core_section_title.default\">\n\t\t\t\t<div class=\"elementor-widget-container\">\n\t\t\t\t\t<div class=\"qodef-shortcode qodef-m  qodef-section-title qodef-alignment--center qodef-title-break--disabled\">\n\t\t<h4 class=\"qodef-m-title\" >\n\t\t\t\t\tRDR\t\t\t<\/h4>\n\t<div class=\"qodef-m-subtitle-content qodef--has-appear\" style=\"margin-top: 14px\">\n\t<div class=\"qodef-m-subtitle-line-one\" style=\"width: 45px;background-color: #354C04\"><\/div>\n\t\t<div class=\"qodef-m-subtitle-line-two\" style=\"display: none;\"><\/div>\n<\/div>\n\t<\/div>\n\t\t\t\t<\/div>\n\t\t\t\t<\/div>\n\t\t\t\t<div class=\"elementor-element elementor-element-1770f09 elementor-widget-tablet__width-inherit elementor-widget elementor-widget-text-editor\" data-id=\"1770f09\" data-element_type=\"widget\" data-e-type=\"widget\" data-widget_type=\"text-editor.default\">\n\t\t\t\t<div class=\"elementor-widget-container\">\n\t\t\t\t\t\t\t\t\t<p>RDR, un vino que refleja la expresi\u00f3n \u00fanica del terru\u00f1o de la Vi\u00f1a Lucio en la Ribera del Duero; un vi\u00f1edo de arena blanca con una capa de cascajo en profundidad situado en el pago de la Carronda.<\/p>\t\t\t\t\t\t\t\t<\/div>\n\t\t\t\t<\/div>\n\t\t\t\t\t<\/div>\n\t\t\t\t<\/div>\n\t\t<div class=\"elementor-element elementor-element-b603c01 e-flex e-con-boxed e-con e-child\" data-id=\"b603c01\" data-element_type=\"container\" data-e-type=\"container\">\n\t\t\t\t\t<div class=\"e-con-inner\">\n\t\t\t\t<div class=\"elementor-element elementor-element-97d99a7 elementor-widget__width-initial elementor-widget elementor-widget-image\" data-id=\"97d99a7\" data-element_type=\"widget\" data-e-type=\"widget\" data-widget_type=\"image.default\">\n\t\t\t\t<div class=\"elementor-widget-container\">\n\t\t\t\t\t\t\t\t\t\t\t\t\t\t\t<img loading=\"lazy\" decoding=\"async\" width=\"600\" height=\"900\" src=\"https:\/\/dominioromano.com\/wp-content\/uploads\/2024\/05\/la-cueva.jpg\" class=\"attachment-large size-large wp-image-10653\" alt=\"\" srcset=\"https:\/\/dominioromano.com\/wp-content\/uploads\/2024\/05\/la-cueva.jpg 600w, https:\/\/dominioromano.com\/wp-content\/uploads\/2024\/05\/la-cueva-200x300.jpg 200w\" sizes=\"(max-width: 600px) 100vw, 600px\" \/>\t\t\t\t\t\t\t\t\t\t\t\t\t\t\t<\/div>\n\t\t\t\t<\/div>\n\t\t\t\t<div class=\"elementor-element elementor-element-c472694 elementor-widget-mobile__width-inherit elementor-widget elementor-widget-chateau_core_section_title\" data-id=\"c472694\" data-element_type=\"widget\" data-e-type=\"widget\" data-widget_type=\"chateau_core_section_title.default\">\n\t\t\t\t<div class=\"elementor-widget-container\">\n\t\t\t\t\t<div class=\"qodef-shortcode qodef-m  qodef-section-title qodef-alignment--center qodef-title-break--disabled\">\n\t\t<h4 class=\"qodef-m-title\" >\n\t\t\t\t\tLa Cueva\t\t\t<\/h4>\n\t<div class=\"qodef-m-subtitle-content qodef--has-appear\" style=\"margin-top: 14px\">\n\t<div class=\"qodef-m-subtitle-line-one\" style=\"width: 45px;background-color: #354C04\"><\/div>\n\t\t<div class=\"qodef-m-subtitle-line-two\" style=\"display: none;\"><\/div>\n<\/div>\n\t<\/div>\n\t\t\t\t<\/div>\n\t\t\t\t<\/div>\n\t\t\t\t<div class=\"elementor-element elementor-element-6967742 elementor-widget-tablet__width-inherit elementor-widget elementor-widget-text-editor\" data-id=\"6967742\" data-element_type=\"widget\" data-e-type=\"widget\" data-widget_type=\"text-editor.default\">\n\t\t\t\t<div class=\"elementor-widget-container\">\n\t\t\t\t\t\t\t\t\t<p>La Cueva es la expresi\u00f3n m\u00e1s natural de la Tinto Fino en la Ribera del Duero. Un homenaje a los romanos que introdujeron el cultivo de la vid en la regi\u00f3n hace m\u00e1s de 2000 a\u00f1os, y tambi\u00e9n un homenaje a la cultura ancestral de la zona, en la que las Cuevas forman parte del paisaje y de la gente de la regi\u00f3n.<\/p>\t\t\t\t\t\t\t\t<\/div>\n\t\t\t\t<\/div>\n\t\t\t\t\t<\/div>\n\t\t\t\t<\/div>\n\t\t\t\t\t<\/div>\n\t\t\t\t<\/div>\n\t\t\t\t\t<\/div>\n\t\t<\/div>\n\t\t\t\t\t<\/div>\n\t\t<\/section>\n\t\t\t\t<\/div>\n\t\t","protected":false},"excerpt":{"rendered":"<p>5 VINOS ECOLOGICOS DE DOMINIO ROMANO En DOMINIO ROMANO elaboramos 4 mono varietales de Tinto Fino; 4 vinos con un origen com\u00fan, pero con diferentes personalidades. CAMINO ROMANO Con el vino Camino Romano, nuestro en\u00f3logo Jordi Fern\u00e1ndez busca la m\u00e1xima expresi\u00f3n de la fruta fresca y amable de la uva Tinto Fino que proviene de [&hellip;]<\/p>\n","protected":false},"author":1,"featured_media":11214,"parent":0,"menu_order":0,"comment_status":"closed","ping_status":"closed","template":"page-full-width.php","meta":{"footnotes":""},"class_list":["post-11136","page","type-page","status-publish","has-post-thumbnail","hentry"],"yoast_head":"<!-- This site is optimized with the Yoast SEO plugin v27.3 - https:\/\/yoast.com\/product\/yoast-seo-wordpress\/ -->\n<title>Vinos | Dominio Romano<\/title>\n<meta name=\"description\" content=\"Discover our organic wines from Ribera del Duero: four varietals of Tinto Fino, each with a unique personality.\" \/>\n<meta name=\"robots\" content=\"index, follow, max-snippet:-1, max-image-preview:large, max-video-preview:-1\" \/>\n<link rel=\"canonical\" href=\"https:\/\/dominioromano.com\/en\/vinos\/\" \/>\n<meta property=\"og:locale\" content=\"en_US\" \/>\n<meta property=\"og:type\" content=\"article\" \/>\n<meta property=\"og:title\" content=\"Vinos | Dominio Romano\" \/>\n<meta property=\"og:description\" content=\"Discover our organic wines from Ribera del Duero: four varietals of Tinto Fino, each with a unique personality.\" \/>\n<meta property=\"og:url\" content=\"https:\/\/dominioromano.com\/en\/vinos\/\" \/>\n<meta property=\"og:site_name\" content=\"Dominio Romano\" \/>\n<meta property=\"article:modified_time\" content=\"2024-10-01T11:29:50+00:00\" \/>\n<meta property=\"og:image\" content=\"https:\/\/dominioromano.com\/wp-content\/uploads\/2024\/05\/IMG_2564-scaled.jpg\" \/>\n\t<meta property=\"og:image:width\" content=\"2560\" \/>\n\t<meta property=\"og:image:height\" content=\"1707\" \/>\n\t<meta property=\"og:image:type\" content=\"image\/jpeg\" \/>\n<meta name=\"twitter:card\" content=\"summary_large_image\" \/>\n<meta name=\"twitter:label1\" content=\"Est. reading time\" \/>\n\t<meta name=\"twitter:data1\" content=\"2 minutes\" \/>\n<script type=\"application\/ld+json\" class=\"yoast-schema-graph\">{\"@context\":\"https:\\\/\\\/schema.org\",\"@graph\":[{\"@type\":\"WebPage\",\"@id\":\"https:\\\/\\\/dominioromano.com\\\/en\\\/vinos\\\/\",\"url\":\"https:\\\/\\\/dominioromano.com\\\/en\\\/vinos\\\/\",\"name\":\"Vinos | Dominio Romano\",\"isPartOf\":{\"@id\":\"https:\\\/\\\/dominioromano.com\\\/en\\\/#website\"},\"primaryImageOfPage\":{\"@id\":\"https:\\\/\\\/dominioromano.com\\\/en\\\/vinos\\\/#primaryimage\"},\"image\":{\"@id\":\"https:\\\/\\\/dominioromano.com\\\/en\\\/vinos\\\/#primaryimage\"},\"thumbnailUrl\":\"https:\\\/\\\/dominioromano.com\\\/wp-content\\\/uploads\\\/2024\\\/05\\\/IMG_2564-scaled.jpg\",\"datePublished\":\"2024-05-02T09:46:55+00:00\",\"dateModified\":\"2024-10-01T11:29:50+00:00\",\"description\":\"Discover our organic wines from Ribera del Duero: four varietals of Tinto Fino, each with a unique personality.\",\"breadcrumb\":{\"@id\":\"https:\\\/\\\/dominioromano.com\\\/en\\\/vinos\\\/#breadcrumb\"},\"inLanguage\":\"en-US\",\"potentialAction\":[{\"@type\":\"ReadAction\",\"target\":[\"https:\\\/\\\/dominioromano.com\\\/en\\\/vinos\\\/\"]}]},{\"@type\":\"ImageObject\",\"inLanguage\":\"en-US\",\"@id\":\"https:\\\/\\\/dominioromano.com\\\/en\\\/vinos\\\/#primaryimage\",\"url\":\"https:\\\/\\\/dominioromano.com\\\/wp-content\\\/uploads\\\/2024\\\/05\\\/IMG_2564-scaled.jpg\",\"contentUrl\":\"https:\\\/\\\/dominioromano.com\\\/wp-content\\\/uploads\\\/2024\\\/05\\\/IMG_2564-scaled.jpg\",\"width\":2560,\"height\":1707},{\"@type\":\"BreadcrumbList\",\"@id\":\"https:\\\/\\\/dominioromano.com\\\/en\\\/vinos\\\/#breadcrumb\",\"itemListElement\":[{\"@type\":\"ListItem\",\"position\":1,\"name\":\"Portada\",\"item\":\"https:\\\/\\\/dominioromano.com\\\/en\\\/\"},{\"@type\":\"ListItem\",\"position\":2,\"name\":\"Vinos\"}]},{\"@type\":\"WebSite\",\"@id\":\"https:\\\/\\\/dominioromano.com\\\/en\\\/#website\",\"url\":\"https:\\\/\\\/dominioromano.com\\\/en\\\/\",\"name\":\"Dominio Romano\",\"description\":\"Dedicaci\u00f3n a la tierra: respeto por la naturaleza y compromiso ecol\u00f3gico.\",\"publisher\":{\"@id\":\"https:\\\/\\\/dominioromano.com\\\/en\\\/#organization\"},\"potentialAction\":[{\"@type\":\"SearchAction\",\"target\":{\"@type\":\"EntryPoint\",\"urlTemplate\":\"https:\\\/\\\/dominioromano.com\\\/en\\\/?s={search_term_string}\"},\"query-input\":{\"@type\":\"PropertyValueSpecification\",\"valueRequired\":true,\"valueName\":\"search_term_string\"}}],\"inLanguage\":\"en-US\"},{\"@type\":\"Organization\",\"@id\":\"https:\\\/\\\/dominioromano.com\\\/en\\\/#organization\",\"name\":\"Dominio Romano\",\"url\":\"https:\\\/\\\/dominioromano.com\\\/en\\\/\",\"logo\":{\"@type\":\"ImageObject\",\"inLanguage\":\"en-US\",\"@id\":\"https:\\\/\\\/dominioromano.com\\\/en\\\/#\\\/schema\\\/logo\\\/image\\\/\",\"url\":\"https:\\\/\\\/dominioromano.com\\\/wp-content\\\/uploads\\\/2024\\\/03\\\/Logo-Dominio-Romano.png\",\"contentUrl\":\"https:\\\/\\\/dominioromano.com\\\/wp-content\\\/uploads\\\/2024\\\/03\\\/Logo-Dominio-Romano.png\",\"width\":862,\"height\":297,\"caption\":\"Dominio Romano\"},\"image\":{\"@id\":\"https:\\\/\\\/dominioromano.com\\\/en\\\/#\\\/schema\\\/logo\\\/image\\\/\"}}]}<\/script>\n<!-- \/ Yoast SEO plugin. -->","yoast_head_json":{"title":"Vinos | Dominio Romano","description":"Discover our organic wines from Ribera del Duero: four varietals of Tinto Fino, each with a unique personality.","robots":{"index":"index","follow":"follow","max-snippet":"max-snippet:-1","max-image-preview":"max-image-preview:large","max-video-preview":"max-video-preview:-1"},"canonical":"https:\/\/dominioromano.com\/en\/vinos\/","og_locale":"en_US","og_type":"article","og_title":"Vinos | Dominio Romano","og_description":"Discover our organic wines from Ribera del Duero: four varietals of Tinto Fino, each with a unique personality.","og_url":"https:\/\/dominioromano.com\/en\/vinos\/","og_site_name":"Dominio Romano","article_modified_time":"2024-10-01T11:29:50+00:00","og_image":[{"width":2560,"height":1707,"url":"https:\/\/dominioromano.com\/wp-content\/uploads\/2024\/05\/IMG_2564-scaled.jpg","type":"image\/jpeg"}],"twitter_card":"summary_large_image","twitter_misc":{"Est. reading time":"2 minutes"},"schema":{"@context":"https:\/\/schema.org","@graph":[{"@type":"WebPage","@id":"https:\/\/dominioromano.com\/en\/vinos\/","url":"https:\/\/dominioromano.com\/en\/vinos\/","name":"Vinos | Dominio Romano","isPartOf":{"@id":"https:\/\/dominioromano.com\/en\/#website"},"primaryImageOfPage":{"@id":"https:\/\/dominioromano.com\/en\/vinos\/#primaryimage"},"image":{"@id":"https:\/\/dominioromano.com\/en\/vinos\/#primaryimage"},"thumbnailUrl":"https:\/\/dominioromano.com\/wp-content\/uploads\/2024\/05\/IMG_2564-scaled.jpg","datePublished":"2024-05-02T09:46:55+00:00","dateModified":"2024-10-01T11:29:50+00:00","description":"Discover our organic wines from Ribera del Duero: four varietals of Tinto Fino, each with a unique personality.","breadcrumb":{"@id":"https:\/\/dominioromano.com\/en\/vinos\/#breadcrumb"},"inLanguage":"en-US","potentialAction":[{"@type":"ReadAction","target":["https:\/\/dominioromano.com\/en\/vinos\/"]}]},{"@type":"ImageObject","inLanguage":"en-US","@id":"https:\/\/dominioromano.com\/en\/vinos\/#primaryimage","url":"https:\/\/dominioromano.com\/wp-content\/uploads\/2024\/05\/IMG_2564-scaled.jpg","contentUrl":"https:\/\/dominioromano.com\/wp-content\/uploads\/2024\/05\/IMG_2564-scaled.jpg","width":2560,"height":1707},{"@type":"BreadcrumbList","@id":"https:\/\/dominioromano.com\/en\/vinos\/#breadcrumb","itemListElement":[{"@type":"ListItem","position":1,"name":"Portada","item":"https:\/\/dominioromano.com\/en\/"},{"@type":"ListItem","position":2,"name":"Vinos"}]},{"@type":"WebSite","@id":"https:\/\/dominioromano.com\/en\/#website","url":"https:\/\/dominioromano.com\/en\/","name":"Dominio Romano","description":"Dedicaci\u00f3n a la tierra: respeto por la naturaleza y compromiso ecol\u00f3gico.","publisher":{"@id":"https:\/\/dominioromano.com\/en\/#organization"},"potentialAction":[{"@type":"SearchAction","target":{"@type":"EntryPoint","urlTemplate":"https:\/\/dominioromano.com\/en\/?s={search_term_string}"},"query-input":{"@type":"PropertyValueSpecification","valueRequired":true,"valueName":"search_term_string"}}],"inLanguage":"en-US"},{"@type":"Organization","@id":"https:\/\/dominioromano.com\/en\/#organization","name":"Dominio Romano","url":"https:\/\/dominioromano.com\/en\/","logo":{"@type":"ImageObject","inLanguage":"en-US","@id":"https:\/\/dominioromano.com\/en\/#\/schema\/logo\/image\/","url":"https:\/\/dominioromano.com\/wp-content\/uploads\/2024\/03\/Logo-Dominio-Romano.png","contentUrl":"https:\/\/dominioromano.com\/wp-content\/uploads\/2024\/03\/Logo-Dominio-Romano.png","width":862,"height":297,"caption":"Dominio Romano"},"image":{"@id":"https:\/\/dominioromano.com\/en\/#\/schema\/logo\/image\/"}}]}},"_links":{"self":[{"href":"https:\/\/dominioromano.com\/en\/wp-json\/wp\/v2\/pages\/11136","targetHints":{"allow":["GET"]}}],"collection":[{"href":"https:\/\/dominioromano.com\/en\/wp-json\/wp\/v2\/pages"}],"about":[{"href":"https:\/\/dominioromano.com\/en\/wp-json\/wp\/v2\/types\/page"}],"author":[{"embeddable":true,"href":"https:\/\/dominioromano.com\/en\/wp-json\/wp\/v2\/users\/1"}],"replies":[{"embeddable":true,"href":"https:\/\/dominioromano.com\/en\/wp-json\/wp\/v2\/comments?post=11136"}],"version-history":[{"count":1,"href":"https:\/\/dominioromano.com\/en\/wp-json\/wp\/v2\/pages\/11136\/revisions"}],"predecessor-version":[{"id":11488,"href":"https:\/\/dominioromano.com\/en\/wp-json\/wp\/v2\/pages\/11136\/revisions\/11488"}],"wp:featuredmedia":[{"embeddable":true,"href":"https:\/\/dominioromano.com\/en\/wp-json\/wp\/v2\/media\/11214"}],"wp:attachment":[{"href":"https:\/\/dominioromano.com\/en\/wp-json\/wp\/v2\/media?parent=11136"}],"curies":[{"name":"wp","href":"https:\/\/api.w.org\/{rel}","templated":true}]}}